{"id":86,"date":"2024-11-11T10:56:22","date_gmt":"2024-11-11T10:56:22","guid":{"rendered":"https:\/\/woocommerce-wp-demoshop.nextcomm.io\/?post_type=product&#038;p=86"},"modified":"2024-11-11T10:58:11","modified_gmt":"2024-11-11T10:58:11","slug":"cube-stereo-hybrid-160-mm-hpc-race","status":"publish","type":"product","link":"https:\/\/woocommerce-wp-demoshop.nextcomm.io\/index.php\/product\/cube-stereo-hybrid-160-mm-hpc-race\/","title":{"rendered":"Cube Stereo Hybrid 160 mm HPC Race"},"content":{"rendered":"<p><img loading=\"lazy\" decoding=\"async\" class=\"alignnone size-full wp-image-87\" src=\"https:\/\/woocommerce-wp-demoshop.nextcomm.io\/wp-content\/uploads\/2024\/11\/f0ef5e_ed69e1619fb846b7a4bb8975a946c320mv2.jpg\" alt=\"\" width=\"1280\" height=\"776\" \/><\/p>\n","protected":false},"excerpt":{"rendered":"<p>Mit dem Stereo Hybrid 160 HPC Race macht Enduro jetzt noch mehr Spa\u00df! Dank den 170 mm Federweg der RockShox Domain R Gabel in Kombination mit einem Deluxe Select D\u00e4mpfer klebt dieses E-Fully f\u00f6rmlich auf dem Trail und vermittelt dir ein kontrolliertes Fahrgef\u00fchl. Gebremst wird mit hydraulischen Magura MT Thirty Scheibenbremsen \u2013 die und die 2.5 Zoll Maxxis Minion DHF und 2.4 Zoll DHR II Pneus sorgen daf\u00fcr, dass du im Gel\u00e4nde immer Herr der Lage bleibst, und zwar bei allen Bedingungen. Von Shimano stammt der zuverl\u00e4ssig und geschmeidig schaltende Deore 12-fach Antrieb, der mit dem Bosch CX Motor der vierten Generation samt hochkapazitivem Akku effizient Hand in Hand arbeitet. Der Effekt: jede Menge Vortrieb und Reichweite! Eigentlich klar, dass wir dem Bike f\u00fcr noch mehr Kontrolle bergab auch gleich eine versenkbare Sattelst\u00fctze mitgegeben haben. Aufsitzen, antreten, Gas geben!<\/p>\n<p>&nbsp;<\/p>\n<p><strong>Rahmen und Ausstattung<\/strong><\/p>\n<p>&nbsp;<\/p>\n<p>Ein Enduro-taugliches Fully mit E-Antrieb, gibt es sowas? Klar, das gibt&#8217;s, und es hei\u00dft Stereo Hybrid 160 HPC. Sein Carbonhauptrahmen kann dank Modular Battery System neben einem Bosch Motor der vierten Generation auch noch einen bis zu 750 Wh starken Akku aufnehmen. Und weil das Chassis trotzdem in allen Gr\u00f6\u00dfen verf\u00fcgbar ist, findest du auf jeden Fall das perfekte Set-up f\u00fcr dich und deine Anforderungen. Wir haben bei der Entwicklung zudem viel Wert auf Vielseitigkeit und ein praktisches Handling gelegt. Deshalb gibt es gen\u00fcgend Platz f\u00fcr einen Flaschenhalter und du kannst die Akku-Abdeckung einfach per Druckknopf \u00f6ffnen. Und dann die rennorientierte Geometrie, die Boost 148 Steckachse und das 1.5 Zoll Steuerrohr \u2013 allesamt Garanten f\u00fcr ein superpr\u00e4zises Fahrgef\u00fchl und top Bodenhaftung, selbst auf verblockten oder sehr ruppigen Trails. Dazu bedeuten eine Trunnion D\u00e4mpferaufnahme, gro\u00dfe Umlenkpunkte und im Rahmeninneren verlaufende Z\u00fcge wenig Wartungsaufwand \u2013 und dadurch mehr Zeit f\u00fcr maximalen Offroad-Bike-Spa\u00df am Berg!<\/p>\n<p>&nbsp;<\/p>\n<p><strong>F\u00fcr wen ist das Cube Stereo Hybrid 160 HPC Race 625 27.5 geeignet?<\/strong><\/p>\n<p>&nbsp;<\/p>\n<p>F\u00fcr Athleten und Enthusiasten. Viele Profis setzen inzwischen aus Trainingszwecken auf Bikes aus dieser Kategorie. Der Grund liegt aud der Hand: Das Bike bringt den Fahrer mit viel Power auf den Berg und mit Spitzen-Komponenten \u00fcber den Trail wieder sicher nach unten. Dabei wiegen diese Bikes bei weitem nicht mehr so viel, wie noch vor ein paar Jahren. Die perfekt im Bike integrierten Akkus verbergen die Power auf den ersten Blick. Sportger\u00e4te bester Qualit\u00e4t mit ernsthaften Ambitionen f\u00fcr alle Fahrer, die die Unterst\u00fctzung als Chance und nicht als Makel sehen.<\/p>\n","protected":false},"featured_media":87,"comment_status":"open","ping_status":"closed","template":"","meta":{"site-sidebar-layout":"default","site-content-layout":"","ast-site-content-layout":"default","site-content-style":"default","site-sidebar-style":"default","ast-global-header-display":"","ast-banner-title-visibility":"","ast-main-header-display":"","ast-hfb-above-header-display":"","ast-hfb-below-header-display":"","ast-hfb-mobile-header-display":"","site-post-title":"","ast-breadcrumbs-content":"","ast-featured-img":"","footer-sml-layout":"","theme-transparent-header-meta":"default","adv-header-id-meta":"","stick-header-meta":"","header-above-stick-meta":"","header-main-stick-meta":"","header-below-stick-meta":"","astra-migrate-meta-layouts":"set","ast-page-background-enabled":"default","ast-page-background-meta":{"desktop":{"background-color":"var(--ast-global-color-4)","background-image":"","background-repeat":"repeat","background-position":"center center","background-size":"auto","background-attachment":"scroll","background-type":"","background-media":"","overlay-type":"","overlay-color":"","overlay-opacity":"","overlay-gradient":""},"tablet":{"background-color":"","background-image":"","background-repeat":"repeat","background-position":"center center","background-size":"auto","background-attachment":"scroll","background-type":"","background-media":"","overlay-type":"","overlay-color":"","overlay-opacity":"","overlay-gradient":""},"mobile":{"background-color":"","background-image":"","background-repeat":"repeat","background-position":"center center","background-size":"auto","background-attachment":"scroll","background-type":"","background-media":"","overlay-type":"","overlay-color":"","overlay-opacity":"","overlay-gradient":""}},"ast-content-background-meta":{"desktop":{"background-color":"var(--ast-global-color-5)","background-image":"","background-repeat":"repeat","background-position":"center center","background-size":"auto","background-attachment":"scroll","background-type":"","background-media":"","overlay-type":"","overlay-color":"","overlay-opacity":"","overlay-gradient":""},"tablet":{"background-color":"var(--ast-global-color-5)","background-image":"","background-repeat":"repeat","background-position":"center center","background-size":"auto","background-attachment":"scroll","background-type":"","background-media":"","overlay-type":"","overlay-color":"","overlay-opacity":"","overlay-gradient":""},"mobile":{"background-color":"var(--ast-global-color-5)","background-image":"","background-repeat":"repeat","background-position":"center center","background-size":"auto","background-attachment":"scroll","background-type":"","background-media":"","overlay-type":"","overlay-color":"","overlay-opacity":"","overlay-gradient":""}}},"product_cat":[19],"product_tag":[],"class_list":{"0":"post-86","1":"product","2":"type-product","3":"status-publish","4":"has-post-thumbnail","6":"product_cat-uncategorized","7":"desktop-align-center","8":"tablet-align-left","9":"mobile-align-left","11":"first","12":"outofstock","13":"shipping-taxable","14":"purchasable","15":"product-type-simple"},"jetpack_sharing_enabled":true,"_links":{"self":[{"href":"https:\/\/woocommerce-wp-demoshop.nextcomm.io\/index.php\/wp-json\/wp\/v2\/product\/86","targetHints":{"allow":["GET"]}}],"collection":[{"href":"https:\/\/woocommerce-wp-demoshop.nextcomm.io\/index.php\/wp-json\/wp\/v2\/product"}],"about":[{"href":"https:\/\/woocommerce-wp-demoshop.nextcomm.io\/index.php\/wp-json\/wp\/v2\/types\/product"}],"replies":[{"embeddable":true,"href":"https:\/\/woocommerce-wp-demoshop.nextcomm.io\/index.php\/wp-json\/wp\/v2\/comments?post=86"}],"wp:featuredmedia":[{"embeddable":true,"href":"https:\/\/woocommerce-wp-demoshop.nextcomm.io\/index.php\/wp-json\/wp\/v2\/media\/87"}],"wp:attachment":[{"href":"https:\/\/woocommerce-wp-demoshop.nextcomm.io\/index.php\/wp-json\/wp\/v2\/media?parent=86"}],"wp:term":[{"taxonomy":"product_cat","embeddable":true,"href":"https:\/\/woocommerce-wp-demoshop.nextcomm.io\/index.php\/wp-json\/wp\/v2\/product_cat?post=86"},{"taxonomy":"product_tag","embeddable":true,"href":"https:\/\/woocommerce-wp-demoshop.nextcomm.io\/index.php\/wp-json\/wp\/v2\/product_tag?post=86"}],"curies":[{"name":"wp","href":"https:\/\/api.w.org\/{rel}","templated":true}]}}